{"id":32,"date":"2023-05-05T17:47:13","date_gmt":"2023-05-05T17:47:13","guid":{"rendered":"https:\/\/sarmasiklar.de\/?page_id=32"},"modified":"2023-05-14T04:31:48","modified_gmt":"2023-05-14T02:31:48","slug":"willkommen-auf-https-sarmasiklar-de","status":"publish","type":"page","link":"https:\/\/sarmasiklar.de\/","title":{"rendered":"Willkommen auf https:\/\/sarmasiklar.de"},"content":{"rendered":"\n<figure class=\"wp-block-image size-full is-resized is-style-rounded\"><img decoding=\"async\" loading=\"lazy\" src=\"https:\/\/sarmasiklar.de\/wp-content\/uploads\/2023\/05\/SARMASIKLAR-Startseite.jpg\" alt=\"\" class=\"wp-image-42\" width=\"840\" height=\"451\" srcset=\"https:\/\/sarmasiklar.de\/wp-content\/uploads\/2023\/05\/SARMASIKLAR-Startseite.jpg 842w, https:\/\/sarmasiklar.de\/wp-content\/uploads\/2023\/05\/SARMASIKLAR-Startseite-300x161.jpg 300w, https:\/\/sarmasiklar.de\/wp-content\/uploads\/2023\/05\/SARMASIKLAR-Startseite-768x413.jpg 768w\" sizes=\"(max-width: 840px) 100vw, 840px\" \/><\/figure>\n\n\n\n<div class=\"wp-block-columns is-layout-flex wp-container-2\">\n<div class=\"wp-block-column is-layout-flow\"><\/div>\n<\/div>\n\n\n\n<blockquote class=\"wp-block-quote has-black-color has-text-color has-large-font-size\" style=\"font-style:normal;font-weight:500\">\n<p class=\"has-medium-font-size\">Wir freuen uns, dass Du unsere neue Internet-Pr\u00e4senz besuchst.<\/p>\n\n\n\n<p class=\"has-medium-font-size\">Zur Zeit befindet sich unsere Webseite noch im Aufbau.<\/p>\n\n\n\n<p class=\"has-medium-font-size\">Wir werden uns bem\u00fchen, Dir so schnell wie m\u00f6glich das gesamte Spektrum zu pr\u00e4sentieren.<\/p>\n\n\n\n<p class=\"has-medium-font-size\"><\/p>\n<\/blockquote>\n","protected":false},"excerpt":{"rendered":"<p>Wir freuen uns, dass Du unsere neue Internet-Pr\u00e4senz besuchst. Zur Zeit befindet sich unsere Webseite noch im Aufbau. Wir werden uns bem\u00fchen, Dir so schnell wie m\u00f6glich das gesamte Spektrum zu pr\u00e4sentieren.<\/p>\n","protected":false},"author":1,"featured_media":47,"parent":0,"menu_order":0,"comment_status":"closed","ping_status":"open","template":"","meta":[],"_links":{"self":[{"href":"https:\/\/sarmasiklar.de\/index.php?rest_route=\/wp\/v2\/pages\/32"}],"collection":[{"href":"https:\/\/sarmasiklar.de\/index.php?rest_route=\/wp\/v2\/pages"}],"about":[{"href":"https:\/\/sarmasiklar.de\/index.php?rest_route=\/wp\/v2\/types\/page"}],"author":[{"embeddable":true,"href":"https:\/\/sarmasiklar.de\/index.php?rest_route=\/wp\/v2\/users\/1"}],"replies":[{"embeddable":true,"href":"https:\/\/sarmasiklar.de\/index.php?rest_route=%2Fwp%2Fv2%2Fcomments&post=32"}],"version-history":[{"count":8,"href":"https:\/\/sarmasiklar.de\/index.php?rest_route=\/wp\/v2\/pages\/32\/revisions"}],"predecessor-version":[{"id":157,"href":"https:\/\/sarmasiklar.de\/index.php?rest_route=\/wp\/v2\/pages\/32\/revisions\/157"}],"wp:featuredmedia":[{"embeddable":true,"href":"https:\/\/sarmasiklar.de\/index.php?rest_route=\/wp\/v2\/media\/47"}],"wp:attachment":[{"href":"https:\/\/sarmasiklar.de\/index.php?rest_route=%2Fwp%2Fv2%2Fmedia&parent=32"}],"curies":[{"name":"wp","href":"https:\/\/api.w.org\/{rel}","templated":true}]}}